{"id":533,"date":"2026-02-18T11:01:54","date_gmt":"2026-02-18T11:01:54","guid":{"rendered":"https:\/\/acho.zaragozadinamica.org\/?page_id=533"},"modified":"2026-02-19T11:10:33","modified_gmt":"2026-02-19T11:10:33","slug":"politica-de-cookies","status":"publish","type":"page","link":"https:\/\/acho.zaragozadinamica.org\/index.php\/politica-de-cookies\/","title":{"rendered":"Pol\u00edtica de Cookies"},"content":{"rendered":"\n<p>Este sitio web utiliza cookies propias y de terceros con fines t\u00e9cnicos y anal\u00edticos.<\/p>\n\n\n\n<h2 class=\"wp-block-heading\">Cookies t\u00e9cnicas<\/h2>\n\n\n\n<p>Necesarias para el funcionamiento del sitio web (WordPress, inicio de sesi\u00f3n, seguridad).<\/p>\n\n\n\n<h2 class=\"wp-block-heading\">Cookies anal\u00edticas<\/h2>\n\n\n\n<p>Este sitio utiliza Google Analytics (a trav\u00e9s de Site Kit by Google) para analizar el comportamiento de los usuarios y mejorar la experiencia de navegaci\u00f3n.<\/p>\n\n\n\n<p>Estas cookies recopilan informaci\u00f3n an\u00f3nima sobre:<\/p>\n\n\n\n<ul class=\"wp-block-list\">\n<li>P\u00e1ginas visitadas<\/li>\n\n\n\n<li>Tiempo de permanencia<\/li>\n\n\n\n<li>Dispositivo utilizado<\/li>\n<\/ul>\n\n\n\n<h2 class=\"wp-block-heading\">Gesti\u00f3n de cookies<\/h2>\n\n\n\n<p>El usuario puede aceptar, rechazar o configurar las cookies a trav\u00e9s del banner gestionado por el plugin Complianz.<\/p>\n\n\n\n<p>Asimismo, puede configurar su navegador para bloquear o eliminar cookies.<\/p>\n","protected":false},"excerpt":{"rendered":"<p>Este sitio web utiliza cookies propias y de terceros con fines t\u00e9cnicos y anal\u00edticos. Cookies t\u00e9cnicas Necesarias para el funcionamiento del sitio web (WordPress, inicio de sesi\u00f3n, seguridad). Cookies anal\u00edticas Este sitio utiliza Google Analytics (a trav\u00e9s de Site Kit by Google) para analizar el comportamiento de los usuarios y mejorar la experiencia de navegaci\u00f3n. [&hellip;]<\/p>\n","protected":false},"author":2,"featured_media":0,"parent":0,"menu_order":0,"comment_status":"closed","ping_status":"closed","template":"","meta":{"_et_pb_use_builder":"off","_et_pb_old_content":"","_et_gb_content_width":"","_uag_custom_page_level_css":"","footnotes":""},"class_list":["post-533","page","type-page","status-publish","hentry"],"yoast_head":"<!-- This site is optimized with the Yoast SEO plugin v27.3 - https:\/\/yoast.com\/product\/yoast-seo-wordpress\/ -->\n<title>Pol\u00edtica de Cookies - Acho Coffee<\/title>\n<meta name=\"robots\" content=\"noindex, follow\" \/>\n<meta property=\"og:locale\" content=\"es_ES\" \/>\n<meta property=\"og:type\" content=\"article\" \/>\n<meta property=\"og:title\" content=\"Pol\u00edtica de Cookies - Acho Coffee\" \/>\n<meta property=\"og:description\" content=\"Este sitio web utiliza cookies propias y de terceros con fines t\u00e9cnicos y anal\u00edticos. Cookies t\u00e9cnicas Necesarias para el funcionamiento del sitio web (WordPress, inicio de sesi\u00f3n, seguridad). Cookies anal\u00edticas Este sitio utiliza Google Analytics (a trav\u00e9s de Site Kit by Google) para analizar el comportamiento de los usuarios y mejorar la experiencia de navegaci\u00f3n. [&hellip;]\" \/>\n<meta property=\"og:url\" content=\"https:\/\/acho.zaragozadinamica.org\/index.php\/politica-de-cookies\/\" \/>\n<meta property=\"og:site_name\" content=\"Acho Coffee\" \/>\n<meta property=\"article:publisher\" content=\"https:\/\/www.facebook.com\/people\/Acho-coffee\/61551274826182\/\" \/>\n<meta property=\"article:modified_time\" content=\"2026-02-19T11:10:33+00:00\" \/>\n<meta name=\"twitter:card\" content=\"summary_large_image\" \/>\n<meta name=\"twitter:label1\" content=\"Tiempo de lectura\" \/>\n\t<meta name=\"twitter:data1\" content=\"1 minuto\" \/>\n<script type=\"application\/ld+json\" class=\"yoast-schema-graph\">{\"@context\":\"https:\\\/\\\/schema.org\",\"@graph\":[{\"@type\":\"WebPage\",\"@id\":\"https:\\\/\\\/acho.zaragozadinamica.org\\\/index.php\\\/politica-de-cookies\\\/\",\"url\":\"https:\\\/\\\/acho.zaragozadinamica.org\\\/index.php\\\/politica-de-cookies\\\/\",\"name\":\"Pol\u00edtica de Cookies - Acho Coffee\",\"isPartOf\":{\"@id\":\"https:\\\/\\\/acho.zaragozadinamica.org\\\/#website\"},\"datePublished\":\"2026-02-18T11:01:54+00:00\",\"dateModified\":\"2026-02-19T11:10:33+00:00\",\"breadcrumb\":{\"@id\":\"https:\\\/\\\/acho.zaragozadinamica.org\\\/index.php\\\/politica-de-cookies\\\/#breadcrumb\"},\"inLanguage\":\"es\",\"potentialAction\":[{\"@type\":\"ReadAction\",\"target\":[\"https:\\\/\\\/acho.zaragozadinamica.org\\\/index.php\\\/politica-de-cookies\\\/\"]}]},{\"@type\":\"BreadcrumbList\",\"@id\":\"https:\\\/\\\/acho.zaragozadinamica.org\\\/index.php\\\/politica-de-cookies\\\/#breadcrumb\",\"itemListElement\":[{\"@type\":\"ListItem\",\"position\":1,\"name\":\"Portada\",\"item\":\"https:\\\/\\\/acho.zaragozadinamica.org\\\/\"},{\"@type\":\"ListItem\",\"position\":2,\"name\":\"Pol\u00edtica de Cookies\"}]},{\"@type\":\"WebSite\",\"@id\":\"https:\\\/\\\/acho.zaragozadinamica.org\\\/#website\",\"url\":\"https:\\\/\\\/acho.zaragozadinamica.org\\\/\",\"name\":\"Acho Coffee\",\"description\":\"\",\"publisher\":{\"@id\":\"https:\\\/\\\/acho.zaragozadinamica.org\\\/#organization\"},\"potentialAction\":[{\"@type\":\"SearchAction\",\"target\":{\"@type\":\"EntryPoint\",\"urlTemplate\":\"https:\\\/\\\/acho.zaragozadinamica.org\\\/?s={search_term_string}\"},\"query-input\":{\"@type\":\"PropertyValueSpecification\",\"valueRequired\":true,\"valueName\":\"search_term_string\"}}],\"inLanguage\":\"es\"},{\"@type\":\"Organization\",\"@id\":\"https:\\\/\\\/acho.zaragozadinamica.org\\\/#organization\",\"name\":\"Acho Coffee\",\"url\":\"https:\\\/\\\/acho.zaragozadinamica.org\\\/\",\"logo\":{\"@type\":\"ImageObject\",\"inLanguage\":\"es\",\"@id\":\"https:\\\/\\\/acho.zaragozadinamica.org\\\/#\\\/schema\\\/logo\\\/image\\\/\",\"url\":\"https:\\\/\\\/acho.zaragozadinamica.org\\\/wp-content\\\/uploads\\\/2026\\\/02\\\/cropped-logos-acho-Editada.png\",\"contentUrl\":\"https:\\\/\\\/acho.zaragozadinamica.org\\\/wp-content\\\/uploads\\\/2026\\\/02\\\/cropped-logos-acho-Editada.png\",\"width\":277,\"height\":314,\"caption\":\"Acho Coffee\"},\"image\":{\"@id\":\"https:\\\/\\\/acho.zaragozadinamica.org\\\/#\\\/schema\\\/logo\\\/image\\\/\"},\"sameAs\":[\"https:\\\/\\\/www.facebook.com\\\/people\\\/Acho-coffee\\\/61551274826182\\\/\",\"https:\\\/\\\/www.instagram.com\\\/achocoffee\\\/\"]}]}<\/script>\n<!-- \/ Yoast SEO plugin. -->","yoast_head_json":{"title":"Pol\u00edtica de Cookies - Acho Coffee","robots":{"index":"noindex","follow":"follow"},"og_locale":"es_ES","og_type":"article","og_title":"Pol\u00edtica de Cookies - Acho Coffee","og_description":"Este sitio web utiliza cookies propias y de terceros con fines t\u00e9cnicos y anal\u00edticos. Cookies t\u00e9cnicas Necesarias para el funcionamiento del sitio web (WordPress, inicio de sesi\u00f3n, seguridad). Cookies anal\u00edticas Este sitio utiliza Google Analytics (a trav\u00e9s de Site Kit by Google) para analizar el comportamiento de los usuarios y mejorar la experiencia de navegaci\u00f3n. [&hellip;]","og_url":"https:\/\/acho.zaragozadinamica.org\/index.php\/politica-de-cookies\/","og_site_name":"Acho Coffee","article_publisher":"https:\/\/www.facebook.com\/people\/Acho-coffee\/61551274826182\/","article_modified_time":"2026-02-19T11:10:33+00:00","twitter_card":"summary_large_image","twitter_misc":{"Tiempo de lectura":"1 minuto"},"schema":{"@context":"https:\/\/schema.org","@graph":[{"@type":"WebPage","@id":"https:\/\/acho.zaragozadinamica.org\/index.php\/politica-de-cookies\/","url":"https:\/\/acho.zaragozadinamica.org\/index.php\/politica-de-cookies\/","name":"Pol\u00edtica de Cookies - Acho Coffee","isPartOf":{"@id":"https:\/\/acho.zaragozadinamica.org\/#website"},"datePublished":"2026-02-18T11:01:54+00:00","dateModified":"2026-02-19T11:10:33+00:00","breadcrumb":{"@id":"https:\/\/acho.zaragozadinamica.org\/index.php\/politica-de-cookies\/#breadcrumb"},"inLanguage":"es","potentialAction":[{"@type":"ReadAction","target":["https:\/\/acho.zaragozadinamica.org\/index.php\/politica-de-cookies\/"]}]},{"@type":"BreadcrumbList","@id":"https:\/\/acho.zaragozadinamica.org\/index.php\/politica-de-cookies\/#breadcrumb","itemListElement":[{"@type":"ListItem","position":1,"name":"Portada","item":"https:\/\/acho.zaragozadinamica.org\/"},{"@type":"ListItem","position":2,"name":"Pol\u00edtica de Cookies"}]},{"@type":"WebSite","@id":"https:\/\/acho.zaragozadinamica.org\/#website","url":"https:\/\/acho.zaragozadinamica.org\/","name":"Acho Coffee","description":"","publisher":{"@id":"https:\/\/acho.zaragozadinamica.org\/#organization"},"potentialAction":[{"@type":"SearchAction","target":{"@type":"EntryPoint","urlTemplate":"https:\/\/acho.zaragozadinamica.org\/?s={search_term_string}"},"query-input":{"@type":"PropertyValueSpecification","valueRequired":true,"valueName":"search_term_string"}}],"inLanguage":"es"},{"@type":"Organization","@id":"https:\/\/acho.zaragozadinamica.org\/#organization","name":"Acho Coffee","url":"https:\/\/acho.zaragozadinamica.org\/","logo":{"@type":"ImageObject","inLanguage":"es","@id":"https:\/\/acho.zaragozadinamica.org\/#\/schema\/logo\/image\/","url":"https:\/\/acho.zaragozadinamica.org\/wp-content\/uploads\/2026\/02\/cropped-logos-acho-Editada.png","contentUrl":"https:\/\/acho.zaragozadinamica.org\/wp-content\/uploads\/2026\/02\/cropped-logos-acho-Editada.png","width":277,"height":314,"caption":"Acho Coffee"},"image":{"@id":"https:\/\/acho.zaragozadinamica.org\/#\/schema\/logo\/image\/"},"sameAs":["https:\/\/www.facebook.com\/people\/Acho-coffee\/61551274826182\/","https:\/\/www.instagram.com\/achocoffee\/"]}]}},"uagb_featured_image_src":{"full":false,"thumbnail":false,"medium":false,"medium_large":false,"large":false,"1536x1536":false,"2048x2048":false,"et-pb-post-main-image":false,"et-pb-post-main-image-fullwidth":false,"et-pb-portfolio-image":false,"et-pb-portfolio-module-image":false,"et-pb-portfolio-image-single":false,"et-pb-gallery-module-image-portrait":false,"et-pb-post-main-image-fullwidth-large":false,"et-pb-image--responsive--desktop":false,"et-pb-image--responsive--tablet":false,"et-pb-image--responsive--phone":false},"uagb_author_info":{"display_name":"Antonio B C","author_link":"https:\/\/acho.zaragozadinamica.org\/index.php\/author\/ablanquez\/"},"uagb_comment_info":0,"uagb_excerpt":"Este sitio web utiliza cookies propias y de terceros con fines t\u00e9cnicos y anal\u00edticos. Cookies t\u00e9cnicas Necesarias para el funcionamiento del sitio web (WordPress, inicio de sesi\u00f3n, seguridad). Cookies anal\u00edticas Este sitio utiliza Google Analytics (a trav\u00e9s de Site Kit by Google) para analizar el comportamiento de los usuarios y mejorar la experiencia de navegaci\u00f3n.&hellip;","_links":{"self":[{"href":"https:\/\/acho.zaragozadinamica.org\/index.php\/wp-json\/wp\/v2\/pages\/533","targetHints":{"allow":["GET"]}}],"collection":[{"href":"https:\/\/acho.zaragozadinamica.org\/index.php\/wp-json\/wp\/v2\/pages"}],"about":[{"href":"https:\/\/acho.zaragozadinamica.org\/index.php\/wp-json\/wp\/v2\/types\/page"}],"author":[{"embeddable":true,"href":"https:\/\/acho.zaragozadinamica.org\/index.php\/wp-json\/wp\/v2\/users\/2"}],"replies":[{"embeddable":true,"href":"https:\/\/acho.zaragozadinamica.org\/index.php\/wp-json\/wp\/v2\/comments?post=533"}],"version-history":[{"count":1,"href":"https:\/\/acho.zaragozadinamica.org\/index.php\/wp-json\/wp\/v2\/pages\/533\/revisions"}],"predecessor-version":[{"id":553,"href":"https:\/\/acho.zaragozadinamica.org\/index.php\/wp-json\/wp\/v2\/pages\/533\/revisions\/553"}],"wp:attachment":[{"href":"https:\/\/acho.zaragozadinamica.org\/index.php\/wp-json\/wp\/v2\/media?parent=533"}],"curies":[{"name":"wp","href":"https:\/\/api.w.org\/{rel}","templated":true}]}}